{"id":2040,"date":"2026-01-07T20:11:41","date_gmt":"2026-01-07T20:11:41","guid":{"rendered":"https:\/\/casabellezachile.cl\/?post_type=product&#038;p=2040"},"modified":"2026-01-07T20:11:45","modified_gmt":"2026-01-07T20:11:45","slug":"maquina-cortapelos-vgr-v-634-4-en-1-color-verde-versatil-y-profesional","status":"publish","type":"product","link":"https:\/\/casabellezachile.cl\/zh\/product\/maquina-cortapelos-vgr-v-634-4-en-1-color-verde-versatil-y-profesional\/","title":{"rendered":"M\u00e1quina Cortapelos VGR V-634 \u2013 4 en 1 | Color Verde | Vers\u00e1til y Profesional"},"content":{"rendered":"<h1 data-start=\"89\" data-end=\"172\">M\u00e1quina Cortapelos VGR V-634 \u2013 4 en 1 | Color Verde | Vers\u00e1til y Profesional<\/h1>\n<p data-start=\"174\" data-end=\"440\">Disfruta de <strong data-start=\"186\" data-end=\"221\">m\u00e1xima versatilidad y precisi\u00f3n<\/strong> con la <strong data-start=\"229\" data-end=\"268\">M\u00e1quina Cortapelos VGR 4 en 1 V-634<\/strong>, dise\u00f1ada para cubrir todas tus necesidades de <strong data-start=\"316\" data-end=\"355\">corte, perfilado y cuidado personal<\/strong> en un solo equipo. Su <strong data-start=\"378\" data-end=\"403\">dise\u00f1o en color verde<\/strong> le da un estilo moderno y atractivo.<\/p>\n<p data-start=\"442\" data-end=\"542\"><strong data-start=\"445\" data-end=\"476\">Sistema 4 en 1 multifunci\u00f3n<\/strong><br data-start=\"476\" data-end=\"479\" \/>Ideal para cortar cabello, perfilar barba, patillas y detalles.<\/p>\n<p data-start=\"544\" data-end=\"641\"><strong data-start=\"547\" data-end=\"578\">Uso profesional y dom\u00e9stico<\/strong><br data-start=\"578\" data-end=\"581\" \/>Perfecta para barber\u00edas, peluquer\u00edas y uso personal en casa.<\/p>\n<p data-start=\"643\" data-end=\"717\"><strong data-start=\"646\" data-end=\"677\">Cuchillas de alta precisi\u00f3n<\/strong><br data-start=\"677\" data-end=\"680\" \/>Corte limpio, uniforme y sin tirones.<\/p>\n<p data-start=\"719\" data-end=\"791\"><strong data-start=\"722\" data-end=\"754\">Dise\u00f1o ergon\u00f3mico y pr\u00e1ctico<\/strong><br data-start=\"754\" data-end=\"757\" \/>F\u00e1cil de manejar, c\u00f3moda y ligera.<\/p>\n<p data-start=\"793\" data-end=\"875\"><strong data-start=\"796\" data-end=\"829\">Estilo moderno en color verde<\/strong><br data-start=\"829\" data-end=\"832\" \/>Funcionalidad con un toque de personalidad.<\/p>\n<h3 data-start=\"882\" data-end=\"905\">\u00a0Caracter\u00edsticas:<\/h3>\n<ul data-start=\"906\" data-end=\"1049\">\n<li data-start=\"906\" data-end=\"922\">\n<p data-start=\"908\" data-end=\"922\">Marca: <strong data-start=\"915\" data-end=\"922\">VGR<\/strong><\/p>\n<\/li>\n<li data-start=\"923\" data-end=\"942\">\n<p data-start=\"925\" data-end=\"942\">Modelo: <strong data-start=\"933\" data-end=\"942\">V-634<\/strong><\/p>\n<\/li>\n<li data-start=\"943\" data-end=\"973\">\n<p data-start=\"945\" data-end=\"973\">Tipo: <strong data-start=\"951\" data-end=\"973\">M\u00e1quina cortapelos<\/strong><\/p>\n<\/li>\n<li data-start=\"974\" data-end=\"995\">\n<p data-start=\"976\" data-end=\"995\">Funci\u00f3n: <strong data-start=\"985\" data-end=\"995\">4 en 1<\/strong><\/p>\n<\/li>\n<li data-start=\"996\" data-end=\"1014\">\n<p data-start=\"998\" data-end=\"1014\">Color: <strong data-start=\"1005\" data-end=\"1014\">Verde<\/strong><\/p>\n<\/li>\n<li data-start=\"1015\" data-end=\"1049\">\n<p data-start=\"1017\" data-end=\"1049\">Uso: <strong data-start=\"1022\" data-end=\"1049\">Profesional \/ Dom\u00e9stico<\/strong><\/p>\n<\/li>\n<\/ul>\n<p data-start=\"1051\" data-end=\"1159\"><strong data-start=\"1053\" data-end=\"1108\">Una sola m\u00e1quina para m\u00faltiples estilos y acabados.<\/strong><br data-start=\"1108\" data-end=\"1111\" \/>\u00a1C\u00f3mprala ahora y simplifica tu rutina de corte!<\/p>","protected":false},"excerpt":{"rendered":"<h2 data-start=\"89\" data-end=\"172\">M\u00e1quina Cortapelos VGR V-634 \u2013 4 en 1 | Color Verde | Vers\u00e1til y Profesional<\/h2>","protected":false},"featured_media":2041,"comment_status":"open","ping_status":"closed","template":"","meta":[],"product_brand":[143],"product_cat":[29,122,50],"product_tag":[164,166],"class_list":{"0":"post-2040","1":"product","2":"type-product","3":"status-publish","4":"has-post-thumbnail","6":"product_brand-vgr","7":"product_cat-vgr","8":"product_cat-barba","9":"product_cat-maquina-corte","10":"product_tag-maquina-afeitadora","11":"product_tag-maquina-de-corte","13":"first","14":"instock","15":"taxable","16":"shipping-taxable","17":"purchasable","18":"product-type-simple"},"_links":{"self":[{"href":"https:\/\/casabellezachile.cl\/zh\/wp-json\/wp\/v2\/product\/2040","targetHints":{"allow":["GET"]}}],"collection":[{"href":"https:\/\/casabellezachile.cl\/zh\/wp-json\/wp\/v2\/product"}],"about":[{"href":"https:\/\/casabellezachile.cl\/zh\/wp-json\/wp\/v2\/types\/product"}],"replies":[{"embeddable":true,"href":"https:\/\/casabellezachile.cl\/zh\/wp-json\/wp\/v2\/comments?post=2040"}],"wp:featuredmedia":[{"embeddable":true,"href":"https:\/\/casabellezachile.cl\/zh\/wp-json\/wp\/v2\/media\/2041"}],"wp:attachment":[{"href":"https:\/\/casabellezachile.cl\/zh\/wp-json\/wp\/v2\/media?parent=2040"}],"wp:term":[{"taxonomy":"product_brand","embeddable":true,"href":"https:\/\/casabellezachile.cl\/zh\/wp-json\/wp\/v2\/product_brand?post=2040"},{"taxonomy":"product_cat","embeddable":true,"href":"https:\/\/casabellezachile.cl\/zh\/wp-json\/wp\/v2\/product_cat?post=2040"},{"taxonomy":"product_tag","embeddable":true,"href":"https:\/\/casabellezachile.cl\/zh\/wp-json\/wp\/v2\/product_tag?post=2040"}],"curies":[{"name":"wp","href":"https:\/\/api.w.org\/{rel}","templated":true}]}}