{"id":1992,"date":"2026-01-06T18:30:59","date_gmt":"2026-01-06T18:30:59","guid":{"rendered":"https:\/\/casabellezachile.cl\/?post_type=product&#038;p=1992"},"modified":"2026-01-06T18:31:00","modified_gmt":"2026-01-06T18:31:00","slug":"wmark-maquina-de-corte-motor-maglev-9000-10000rpm-ng-9004","status":"publish","type":"product","link":"https:\/\/casabellezachile.cl\/zh\/product\/wmark-maquina-de-corte-motor-maglev-9000-10000rpm-ng-9004\/","title":{"rendered":"Wmark\u00ae Maquina De Corte Motor Maglev 9000\/10000RPM NG-9004"},"content":{"rendered":"<h1>Wmark\u00ae Maquina De Corte Motor Maglev 9000\/10000RPM NG-9004<\/h1>\n<p>&nbsp;<\/p>\n<h3 data-start=\"89\" data-end=\"178\">Wmark\u00ae M\u00e1quina de Corte NG-9004 \u2013 Motor Maglev 9000 \/ 10000 RPM | Potencia Premium<\/h3>\n<p data-start=\"180\" data-end=\"426\">Lleva tu barber\u00eda al siguiente nivel con la <strong data-start=\"224\" data-end=\"242\">Wmark\u00ae NG-9004<\/strong>, una <strong data-start=\"248\" data-end=\"280\">m\u00e1quina de corte profesional<\/strong> equipada con <strong data-start=\"294\" data-end=\"330\">motor Maglev de alto rendimiento<\/strong>, capaz de alcanzar <strong data-start=\"350\" data-end=\"370\">9000 a 10000 RPM<\/strong> para cortes <strong data-start=\"383\" data-end=\"425\">ultra r\u00e1pidos, precisos y sin esfuerzo<\/strong>.<\/p>\n<p data-start=\"428\" data-end=\"523\"><strong data-start=\"431\" data-end=\"468\">Motor Maglev de \u00faltima tecnolog\u00eda<\/strong><br data-start=\"468\" data-end=\"471\" \/>Mayor potencia, menor vibraci\u00f3n y mayor durabilidad.<\/p>\n<p data-start=\"525\" data-end=\"623\"><strong data-start=\"528\" data-end=\"568\">Velocidad ajustable 9000 \/ 10000 RPM<\/strong><br data-start=\"568\" data-end=\"571\" \/>Adaptable a todo tipo de cabello y estilos de corte.<\/p>\n<p data-start=\"625\" data-end=\"699\"><strong data-start=\"628\" data-end=\"659\">Cuchillas de alta precisi\u00f3n<\/strong><br data-start=\"659\" data-end=\"662\" \/>Corte limpio, uniforme y sin tirones.<\/p>\n<p data-start=\"701\" data-end=\"784\"><strong data-start=\"704\" data-end=\"723\">Uso profesional<\/strong><br data-start=\"723\" data-end=\"726\" \/>Ideal para barber\u00edas exigentes y estilistas profesionales.<\/p>\n<p data-start=\"786\" data-end=\"896\"><strong data-start=\"789\" data-end=\"832\">Dise\u00f1o moderno, ergon\u00f3mico y resistente<\/strong><br data-start=\"832\" data-end=\"835\" \/>Comodidad y control total durante largas jornadas de trabajo.<\/p>\n<h3 data-start=\"903\" data-end=\"926\">\u00a0Caracter\u00edsticas:<\/h3>\n<ul data-start=\"927\" data-end=\"1086\">\n<li data-start=\"927\" data-end=\"946\">\n<p data-start=\"929\" data-end=\"946\">Marca: <strong data-start=\"936\" data-end=\"946\">Wmark\u00ae<\/strong><\/p>\n<\/li>\n<li data-start=\"947\" data-end=\"968\">\n<p data-start=\"949\" data-end=\"968\">Modelo: <strong data-start=\"957\" data-end=\"968\">NG-9004<\/strong><\/p>\n<\/li>\n<li data-start=\"969\" data-end=\"1009\">\n<p data-start=\"971\" data-end=\"1009\">Tipo: <strong data-start=\"977\" data-end=\"1009\">M\u00e1quina de corte profesional<\/strong><\/p>\n<\/li>\n<li data-start=\"1010\" data-end=\"1029\">\n<p data-start=\"1012\" data-end=\"1029\">Motor: <strong data-start=\"1019\" data-end=\"1029\">Maglev<\/strong><\/p>\n<\/li>\n<li data-start=\"1030\" data-end=\"1063\">\n<p data-start=\"1032\" data-end=\"1063\">Velocidad: <strong data-start=\"1043\" data-end=\"1063\">9000 \u2013 10000 RPM<\/strong><\/p>\n<\/li>\n<li data-start=\"1064\" data-end=\"1086\">\n<p data-start=\"1066\" data-end=\"1086\">Uso: <strong data-start=\"1071\" data-end=\"1086\">Profesional<\/strong><\/p>\n<\/li>\n<\/ul>\n<p data-start=\"1088\" data-end=\"1212\"><strong data-start=\"1090\" data-end=\"1154\">M\u00e1xima potencia, precisi\u00f3n y tecnolog\u00eda en una sola m\u00e1quina.<\/strong><br data-start=\"1154\" data-end=\"1157\" \/>\u00a1Adqui\u00e9rela ahora y ofrece cortes de nivel profesional!<\/p>","protected":false},"excerpt":{"rendered":"<h2>Wmark\u00ae Maquina De Corte Motor Maglev 9000\/10000RPM NG-9004<\/h2>","protected":false},"featured_media":1993,"comment_status":"open","ping_status":"closed","template":"","meta":[],"product_brand":[144],"product_cat":[30,122,50],"product_tag":[164,166,170],"class_list":{"0":"post-1992","1":"product","2":"type-product","3":"status-publish","4":"has-post-thumbnail","6":"product_brand-wmark","7":"product_cat-wmark","8":"product_cat-barba","9":"product_cat-maquina-corte","10":"product_tag-maquina-afeitadora","11":"product_tag-maquina-de-corte","12":"product_tag-wmark","14":"first","15":"instock","16":"taxable","17":"shipping-taxable","18":"purchasable","19":"product-type-simple"},"_links":{"self":[{"href":"https:\/\/casabellezachile.cl\/zh\/wp-json\/wp\/v2\/product\/1992","targetHints":{"allow":["GET"]}}],"collection":[{"href":"https:\/\/casabellezachile.cl\/zh\/wp-json\/wp\/v2\/product"}],"about":[{"href":"https:\/\/casabellezachile.cl\/zh\/wp-json\/wp\/v2\/types\/product"}],"replies":[{"embeddable":true,"href":"https:\/\/casabellezachile.cl\/zh\/wp-json\/wp\/v2\/comments?post=1992"}],"wp:featuredmedia":[{"embeddable":true,"href":"https:\/\/casabellezachile.cl\/zh\/wp-json\/wp\/v2\/media\/1993"}],"wp:attachment":[{"href":"https:\/\/casabellezachile.cl\/zh\/wp-json\/wp\/v2\/media?parent=1992"}],"wp:term":[{"taxonomy":"product_brand","embeddable":true,"href":"https:\/\/casabellezachile.cl\/zh\/wp-json\/wp\/v2\/product_brand?post=1992"},{"taxonomy":"product_cat","embeddable":true,"href":"https:\/\/casabellezachile.cl\/zh\/wp-json\/wp\/v2\/product_cat?post=1992"},{"taxonomy":"product_tag","embeddable":true,"href":"https:\/\/casabellezachile.cl\/zh\/wp-json\/wp\/v2\/product_tag?post=1992"}],"curies":[{"name":"wp","href":"https:\/\/api.w.org\/{rel}","templated":true}]}}