{"id":1634,"date":"2025-12-02T22:24:52","date_gmt":"2025-12-02T22:24:52","guid":{"rendered":"https:\/\/casabellezachile.cl\/?post_type=product&#038;p=1634"},"modified":"2025-12-02T22:24:52","modified_gmt":"2025-12-02T22:24:52","slug":"blister-pestanas-aplicacion-mink","status":"publish","type":"product","link":"https:\/\/casabellezachile.cl\/zh\/product\/blister-pestanas-aplicacion-mink\/","title":{"rendered":"\u6c34\u8c82\u76ae\u5438\u5851\u6807\u7b7e 1\u00d71 1\u4e2a 1\u4e2a \u5747\u7801 0,07C\uff0811\u6beb\u7c73\u81f3 15\u6beb\u7c73\uff09"},"content":{"rendered":"<h1>\u6c34\u8c82\u76ae\u5438\u5851\u6807\u7b7e 1\u00d71 1\u4e2a 1\u4e2a \u5747\u7801 0,07C\uff0811\u6beb\u7c73\u81f3 15\u6beb\u7c73\uff09<\/h1>\n<p>Producto profesional dise\u00f1ado para realzar la belleza natural de los ojos con un acabado elegante y duradero. Estas pesta\u00f1as individuales est\u00e1n fabricadas con fibra de mink de alta calidad, ofreciendo un aspecto suave, ligero y natural que se integra perfectamente con las pesta\u00f1as propias.<\/p>\n<p>Ideales para t\u00e9cnicas de extensi\u00f3n 1&#215;1, permiten un control preciso en la aplicaci\u00f3n, logrando volumen, longitud y densidad personalizados seg\u00fan el estilo deseado. Su dise\u00f1o de \u201cuna medida\u201d se adapta a la mayor\u00eda de formas de ojos, facilitando la colocaci\u00f3n y proporcionando un resultado uniforme y profesional.<\/p>\n<p>El blister compacto protege las pesta\u00f1as hasta su uso, garantizando higiene y conservaci\u00f3n del producto. Nagaraku\u00ae Blister Pesta\u00f1as Mink 1&#215;1 es perfecto para salones de belleza, especialistas en extensiones de pesta\u00f1as y aficionados que buscan un acabado natural, c\u00f3modo y de alta calidad en cada aplicaci\u00f3n.<\/p>","protected":false},"excerpt":{"rendered":"<h2>\u6c34\u8c82\u76ae\u5438\u5851\u6807\u7b7e 1\u00d71 1\u4e2a 1\u4e2a \u5747\u7801 0,07C\uff0811\u6beb\u7c73\u81f3 15\u6beb\u7c73\uff09<\/h2>","protected":false},"featured_media":1658,"comment_status":"open","ping_status":"closed","template":"","meta":[],"product_brand":[150],"product_cat":[79,84,85],"product_tag":[],"class_list":{"0":"post-1634","1":"product","2":"type-product","3":"status-publish","4":"has-post-thumbnail","6":"product_brand-nagaraku","7":"product_cat-depilacion-y-maquillaje","8":"product_cat-pestanas","9":"product_cat-pestanas-pestanas","11":"first","12":"instock","13":"taxable","14":"shipping-taxable","15":"purchasable","16":"product-type-variable"},"_links":{"self":[{"href":"https:\/\/casabellezachile.cl\/zh\/wp-json\/wp\/v2\/product\/1634","targetHints":{"allow":["GET"]}}],"collection":[{"href":"https:\/\/casabellezachile.cl\/zh\/wp-json\/wp\/v2\/product"}],"about":[{"href":"https:\/\/casabellezachile.cl\/zh\/wp-json\/wp\/v2\/types\/product"}],"replies":[{"embeddable":true,"href":"https:\/\/casabellezachile.cl\/zh\/wp-json\/wp\/v2\/comments?post=1634"}],"wp:featuredmedia":[{"embeddable":true,"href":"https:\/\/casabellezachile.cl\/zh\/wp-json\/wp\/v2\/media\/1658"}],"wp:attachment":[{"href":"https:\/\/casabellezachile.cl\/zh\/wp-json\/wp\/v2\/media?parent=1634"}],"wp:term":[{"taxonomy":"product_brand","embeddable":true,"href":"https:\/\/casabellezachile.cl\/zh\/wp-json\/wp\/v2\/product_brand?post=1634"},{"taxonomy":"product_cat","embeddable":true,"href":"https:\/\/casabellezachile.cl\/zh\/wp-json\/wp\/v2\/product_cat?post=1634"},{"taxonomy":"product_tag","embeddable":true,"href":"https:\/\/casabellezachile.cl\/zh\/wp-json\/wp\/v2\/product_tag?post=1634"}],"curies":[{"name":"wp","href":"https:\/\/api.w.org\/{rel}","templated":true}]}}