{"id":1512,"date":"2025-11-28T01:37:38","date_gmt":"2025-11-28T01:37:38","guid":{"rendered":"https:\/\/casabellezachile.cl\/?post_type=product&#038;p=1512"},"modified":"2025-12-02T01:26:18","modified_gmt":"2025-12-02T01:26:18","slug":"pechera-barberia-negra-mezclilla-18518-maxcare","status":"publish","type":"product","link":"https:\/\/casabellezachile.cl\/zh\/product\/pechera-barberia-negra-mezclilla-18518-maxcare\/","title":{"rendered":"Pechera Barber\u00eda Negra Mezclilla 18518# MaxCare\u00ae"},"content":{"rendered":"<h1>Pechera Barber\u00eda Negra Mezclilla 18518# MaxCare\u00ae<\/h1>\n<p>Accesorio profesional dise\u00f1ado para proteger la ropa del barbero durante cortes, afeitados y tratamientos capilares y para tener a la mano los implementos. Fabricada en mezclilla y cuerina resistente y duradera, ofrece una cobertura amplia y c\u00f3moda, evitando manchas de cabello, productos qu\u00edmicos o agua.<\/p>\n<p>Su dise\u00f1o elegante en color negro combina estilo y funcionalidad, aportando un toque moderno y profesional a cualquier estaci\u00f3n de trabajo. La pechera es ligera, f\u00e1cil de colocar y ajustar, proporcionando libertad de movimiento tanto para el cliente como para el barbero o estilista.<\/p>\n<p>&nbsp;<\/p>","protected":false},"excerpt":{"rendered":"<h2>Pechera Barber\u00eda Negra Mezclilla 18518# MaxCare\u00ae<\/h2>","protected":false},"featured_media":1594,"comment_status":"open","ping_status":"closed","template":"","meta":[],"product_brand":[139],"product_cat":[23,46,57,32],"product_tag":[],"class_list":{"0":"post-1512","1":"product","2":"type-product","3":"status-publish","4":"has-post-thumbnail","6":"product_brand-maxcare","7":"product_cat-maxcare","8":"product_cat-herramientas","9":"product_cat-otras-herramientas","10":"product_cat-peluqueria-barberia","12":"first","13":"instock","14":"taxable","15":"shipping-taxable","16":"purchasable","17":"product-type-simple"},"_links":{"self":[{"href":"https:\/\/casabellezachile.cl\/zh\/wp-json\/wp\/v2\/product\/1512","targetHints":{"allow":["GET"]}}],"collection":[{"href":"https:\/\/casabellezachile.cl\/zh\/wp-json\/wp\/v2\/product"}],"about":[{"href":"https:\/\/casabellezachile.cl\/zh\/wp-json\/wp\/v2\/types\/product"}],"replies":[{"embeddable":true,"href":"https:\/\/casabellezachile.cl\/zh\/wp-json\/wp\/v2\/comments?post=1512"}],"wp:featuredmedia":[{"embeddable":true,"href":"https:\/\/casabellezachile.cl\/zh\/wp-json\/wp\/v2\/media\/1594"}],"wp:attachment":[{"href":"https:\/\/casabellezachile.cl\/zh\/wp-json\/wp\/v2\/media?parent=1512"}],"wp:term":[{"taxonomy":"product_brand","embeddable":true,"href":"https:\/\/casabellezachile.cl\/zh\/wp-json\/wp\/v2\/product_brand?post=1512"},{"taxonomy":"product_cat","embeddable":true,"href":"https:\/\/casabellezachile.cl\/zh\/wp-json\/wp\/v2\/product_cat?post=1512"},{"taxonomy":"product_tag","embeddable":true,"href":"https:\/\/casabellezachile.cl\/zh\/wp-json\/wp\/v2\/product_tag?post=1512"}],"curies":[{"name":"wp","href":"https:\/\/api.w.org\/{rel}","templated":true}]}}