{"id":1490,"date":"2025-11-27T23:33:22","date_gmt":"2025-11-27T23:33:22","guid":{"rendered":"https:\/\/casabellezachile.cl\/?post_type=product&#038;p=1490"},"modified":"2025-12-08T14:37:20","modified_gmt":"2025-12-08T14:37:20","slug":"protector-anti-frizz-375ml-rocco","status":"publish","type":"product","link":"https:\/\/casabellezachile.cl\/zh\/product\/protector-anti-frizz-375ml-rocco\/","title":{"rendered":"Rocco \u9632\u5377\u53d1\u4fdd\u62a4\u5242 375 \u6beb\u5347"},"content":{"rendered":"<h1>Protector Anti-Frizz 375 ml Rocco<\/h1>\n<p>Tratamiento esencial para mantener el cabello suave, manejable y libre de encrespamiento. Su f\u00f3rmula ligera y de r\u00e1pida absorci\u00f3n act\u00faa formando una barrera protectora que controla el frizz, protege contra la humedad y los da\u00f1os ocasionados por el calor de planchas y secadores, manteniendo el cabello saludable y disciplinado durante todo el d\u00eda.<\/p>\n<p>Enriquecido con ingredientes hidratantes y nutrientes esenciales, ayuda a suavizar la fibra capilar, aportando brillo y elasticidad sin dejar residuos grasos. Ideal para todo tipo de cabello, especialmente seco, rebelde o tratado qu\u00edmicamente, este protector facilita el peinado y prolonga la durabilidad de los estilos, conservando un acabado liso y definido.<\/p>\n<p>Rocco Protector Anti-Frizz 375 ml es la soluci\u00f3n pr\u00e1ctica y eficaz para quienes buscan un cabello libre de frizz, con apariencia saludable y un brillo natural, manteniendo su suavidad y control incluso en ambientes h\u00famedos o durante largas jornadas.<\/p>","protected":false},"excerpt":{"rendered":"<h2>Protector Anti-Frizz 375 ml Rocco<\/h2>","protected":false},"featured_media":1687,"comment_status":"open","ping_status":"closed","template":"","meta":[],"product_brand":[107],"product_cat":[22,33,32,38],"product_tag":[],"class_list":{"0":"post-1490","1":"product","2":"type-product","3":"status-publish","4":"has-post-thumbnail","6":"product_brand-rocco","7":"product_cat-rocco","8":"product_cat-cuidado","9":"product_cat-peluqueria-barberia","10":"product_cat-termoprotectores","12":"first","13":"instock","14":"taxable","15":"shipping-taxable","16":"purchasable","17":"product-type-simple"},"_links":{"self":[{"href":"https:\/\/casabellezachile.cl\/zh\/wp-json\/wp\/v2\/product\/1490","targetHints":{"allow":["GET"]}}],"collection":[{"href":"https:\/\/casabellezachile.cl\/zh\/wp-json\/wp\/v2\/product"}],"about":[{"href":"https:\/\/casabellezachile.cl\/zh\/wp-json\/wp\/v2\/types\/product"}],"replies":[{"embeddable":true,"href":"https:\/\/casabellezachile.cl\/zh\/wp-json\/wp\/v2\/comments?post=1490"}],"wp:featuredmedia":[{"embeddable":true,"href":"https:\/\/casabellezachile.cl\/zh\/wp-json\/wp\/v2\/media\/1687"}],"wp:attachment":[{"href":"https:\/\/casabellezachile.cl\/zh\/wp-json\/wp\/v2\/media?parent=1490"}],"wp:term":[{"taxonomy":"product_brand","embeddable":true,"href":"https:\/\/casabellezachile.cl\/zh\/wp-json\/wp\/v2\/product_brand?post=1490"},{"taxonomy":"product_cat","embeddable":true,"href":"https:\/\/casabellezachile.cl\/zh\/wp-json\/wp\/v2\/product_cat?post=1490"},{"taxonomy":"product_tag","embeddable":true,"href":"https:\/\/casabellezachile.cl\/zh\/wp-json\/wp\/v2\/product_tag?post=1490"}],"curies":[{"name":"wp","href":"https:\/\/api.w.org\/{rel}","templated":true}]}}