{"id":1379,"date":"2025-11-26T15:58:43","date_gmt":"2025-11-26T15:58:43","guid":{"rendered":"https:\/\/casabellezachile.cl\/?post_type=product&#038;p=1379"},"modified":"2026-01-15T20:02:57","modified_gmt":"2026-01-15T20:02:57","slug":"aceite-argan-oil-30ml-flora-t-10-1","status":"publish","type":"product","link":"https:\/\/casabellezachile.cl\/zh\/product\/aceite-argan-oil-30ml-flora-t-10-1\/","title":{"rendered":"Aceite Capilar Variedad Argan, Coco, Palta, Ricino, Romero, Caballo Oil 30ml Flora\u00ae"},"content":{"rendered":"<h1>Aceite Capilar Variedad Argan, Coco, Palta, Ricino, Romero, Caballo Oil 30ml Flora\u00ae<\/h1>\n<p>Tratamiento natural de alta calidad formulado para nutrir, reparar y revitalizar el cabello. Extra\u00eddo del preciado fruto del \u00e1rbol de arg\u00e1n, este aceite puro se caracteriza por su alto contenido de antioxidantes, vitamina E y \u00e1cidos grasos esenciales que ayudan a mantener el cabello, flexible y luminosa. Su textura ligera se absorbe r\u00e1pidamente sin dejar sensaci\u00f3n grasa, proporcionando hidrataci\u00f3n profunda y un brillo saludable.<\/p>\n<p>Aporta suavidad, reduce el frizz, fortalece las puntas y realza el brillo natural. Tambi\u00e9n puede utilizarse en u\u00f1as y cut\u00edculas para un cuidado integral.<\/p>","protected":false},"excerpt":{"rendered":"<h2>Aceite Capilar Variedad Argan, Coco, Palta, Ricino, Romero, Caballo Oil 30ml Flora\u00ae<\/h2>","protected":false},"featured_media":1568,"comment_status":"open","ping_status":"closed","template":"","meta":[],"product_brand":[124],"product_cat":[32,33,37],"product_tag":[],"class_list":{"0":"post-1379","1":"product","2":"type-product","3":"status-publish","4":"has-post-thumbnail","6":"product_brand-flora","7":"product_cat-peluqueria-barberia","8":"product_cat-cuidado","9":"product_cat-serum-y-aceites","11":"first","12":"instock","13":"taxable","14":"shipping-taxable","15":"purchasable","16":"product-type-variable"},"_links":{"self":[{"href":"https:\/\/casabellezachile.cl\/zh\/wp-json\/wp\/v2\/product\/1379","targetHints":{"allow":["GET"]}}],"collection":[{"href":"https:\/\/casabellezachile.cl\/zh\/wp-json\/wp\/v2\/product"}],"about":[{"href":"https:\/\/casabellezachile.cl\/zh\/wp-json\/wp\/v2\/types\/product"}],"replies":[{"embeddable":true,"href":"https:\/\/casabellezachile.cl\/zh\/wp-json\/wp\/v2\/comments?post=1379"}],"wp:featuredmedia":[{"embeddable":true,"href":"https:\/\/casabellezachile.cl\/zh\/wp-json\/wp\/v2\/media\/1568"}],"wp:attachment":[{"href":"https:\/\/casabellezachile.cl\/zh\/wp-json\/wp\/v2\/media?parent=1379"}],"wp:term":[{"taxonomy":"product_brand","embeddable":true,"href":"https:\/\/casabellezachile.cl\/zh\/wp-json\/wp\/v2\/product_brand?post=1379"},{"taxonomy":"product_cat","embeddable":true,"href":"https:\/\/casabellezachile.cl\/zh\/wp-json\/wp\/v2\/product_cat?post=1379"},{"taxonomy":"product_tag","embeddable":true,"href":"https:\/\/casabellezachile.cl\/zh\/wp-json\/wp\/v2\/product_tag?post=1379"}],"curies":[{"name":"wp","href":"https:\/\/api.w.org\/{rel}","templated":true}]}}