{"id":1539,"date":"2025-12-01T14:43:11","date_gmt":"2025-12-01T14:43:11","guid":{"rendered":"https:\/\/casabellezachile.cl\/?page_id=1539"},"modified":"2025-12-01T14:48:40","modified_gmt":"2025-12-01T14:48:40","slug":"politicas-de-envios-y-devoluciones","status":"publish","type":"page","link":"https:\/\/casabellezachile.cl\/zh\/politicas-de-envios-y-devoluciones\/","title":{"rendered":"Pol\u00edticas de Env\u00edos y Devoluciones"},"content":{"rendered":"<div data-elementor-type=\"wp-page\" data-elementor-id=\"1539\" class=\"elementor elementor-1539\" data-elementor-settings=\"{&quot;element_pack_global_tooltip_width&quot;:{&quot;unit&quot;:&quot;px&quot;,&quot;size&quot;:&quot;&quot;,&quot;sizes&quot;:[]},&quot;element_pack_global_tooltip_width_tablet&quot;:{&quot;unit&quot;:&quot;px&quot;,&quot;size&quot;:&quot;&quot;,&quot;sizes&quot;:[]},&quot;element_pack_global_tooltip_width_mobile&quot;:{&quot;unit&quot;:&quot;px&quot;,&quot;size&quot;:&quot;&quot;,&quot;sizes&quot;:[]},&quot;element_pack_global_tooltip_padding&quot;:{&quot;unit&quot;:&quot;px&quot;,&quot;top&quot;:&quot;&quot;,&quot;right&quot;:&quot;&quot;,&quot;bottom&quot;:&quot;&quot;,&quot;left&quot;:&quot;&quot;,&quot;isLinked&quot;:true},&quot;element_pack_global_tooltip_padding_tablet&quot;:{&quot;unit&quot;:&quot;px&quot;,&quot;top&quot;:&quot;&quot;,&quot;right&quot;:&quot;&quot;,&quot;bottom&quot;:&quot;&quot;,&quot;left&quot;:&quot;&quot;,&quot;isLinked&quot;:true},&quot;element_pack_global_tooltip_padding_mobile&quot;:{&quot;unit&quot;:&quot;px&quot;,&quot;top&quot;:&quot;&quot;,&quot;right&quot;:&quot;&quot;,&quot;bottom&quot;:&quot;&quot;,&quot;left&quot;:&quot;&quot;,&quot;isLinked&quot;:true},&quot;element_pack_global_tooltip_border_radius&quot;:{&quot;unit&quot;:&quot;px&quot;,&quot;top&quot;:&quot;&quot;,&quot;right&quot;:&quot;&quot;,&quot;bottom&quot;:&quot;&quot;,&quot;left&quot;:&quot;&quot;,&quot;isLinked&quot;:true},&quot;element_pack_global_tooltip_border_radius_tablet&quot;:{&quot;unit&quot;:&quot;px&quot;,&quot;top&quot;:&quot;&quot;,&quot;right&quot;:&quot;&quot;,&quot;bottom&quot;:&quot;&quot;,&quot;left&quot;:&quot;&quot;,&quot;isLinked&quot;:true},&quot;element_pack_global_tooltip_border_radius_mobile&quot;:{&quot;unit&quot;:&quot;px&quot;,&quot;top&quot;:&quot;&quot;,&quot;right&quot;:&quot;&quot;,&quot;bottom&quot;:&quot;&quot;,&quot;left&quot;:&quot;&quot;,&quot;isLinked&quot;:true}}\" data-elementor-post-type=\"page\">\n\t\t\t\t<div class=\"elementor-element elementor-element-ca00ab4 e-flex e-con-boxed e-con e-parent\" data-id=\"ca00ab4\" data-element_type=\"container\" data-e-type=\"container\" data-settings=\"{&quot;background_background&quot;:&quot;classic&quot;}\">\n\t\t\t\t\t<div class=\"e-con-inner\">\n\t\t<div class=\"elementor-element elementor-element-991cc0f e-con-full e-flex e-con e-child\" data-id=\"991cc0f\" data-element_type=\"container\" data-e-type=\"container\" data-settings=\"{&quot;background_background&quot;:&quot;classic&quot;}\">\n\t\t\t\t<\/div>\n\t\t\t\t\t<\/div>\n\t\t\t\t<\/div>\n\t\t<div class=\"elementor-element elementor-element-566be0d e-flex e-con-boxed e-con e-parent\" data-id=\"566be0d\" data-element_type=\"container\" data-e-type=\"container\">\n\t\t\t\t\t<div class=\"e-con-inner\">\n\t\t\t\t<div class=\"elementor-element elementor-element-da61881 elementor-widget elementor-widget-text-editor\" data-id=\"da61881\" data-element_type=\"widget\" data-e-type=\"widget\" data-widget_type=\"text-editor.default\">\n\t\t\t\t\t\t\t\t\t<p><b>Pol\u00edticas de Env\u00edos y Devoluciones<\/b><\/p><p>En nuestra empresa trabajamos para ofrecer una experiencia de compra segura, satisfactoria y transparente. Para ello, ponemos a disposici\u00f3n de nuestros clientes las siguientes pol\u00edticas de env\u00edos, cambios y devoluciones:<\/p><p><b>1. Plazo de Devoluciones<\/b><\/p><p>Las solicitudes de devoluci\u00f3n pueden realizarse dentro de un plazo m\u00e1ximo de 10 d\u00edas h\u00e1biles a partir de la fecha de recepci\u00f3n del pedido. Para acceder a este proceso, el producto debe encontrarse en su empaque original y en condiciones adecuadas, sin se\u00f1ales de uso o manipulaci\u00f3n indebida.<\/p><p><b>2. Garant\u00eda de Productos El\u00e9ctricos<\/b><\/p><p>Todos los productos el\u00e9ctricos cuentan con una garant\u00eda de 3 meses por fallas de fabricaci\u00f3n. Esta garant\u00eda no cubre da\u00f1os ocasionados por mal uso, instalaciones incorrectas o intervenciones no autorizadas.<\/p><p><b>3. Costos de Env\u00edo en Caso de Errores de la Empresa<\/b><\/p><p>Si la devoluci\u00f3n se realiza debido a un error demostrable por parte de la empresa (producto incorrecto, defectuoso de f\u00e1brica, faltantes, etc.), los costos de env\u00edo correr\u00e1n completamente por nuestra cuenta.<\/p><p><b>4. Devoluci\u00f3n de Dinero<\/b><\/p><p>En caso de requerir reembolso, este se realizar\u00e1 mediante transferencia bancaria una vez el producto haya sido recibido y validado por nuestro equipo.<br \/>Para clientes de regiones, el reembolso se efectuar\u00e1 cuando el transporte confirme la recepci\u00f3n y devoluci\u00f3n del art\u00edculo.<\/p><p><b>5. Cambios Directos en Bodega<\/b><\/p><p>Los clientes pueden realizar cambios directamente en nuestra bodega, presentando el producto en buen estado y dentro de los plazos establecidos.<\/p><p><b>6. Derrames o Da\u00f1os en Productos<\/b><\/p><p>En casos de derrames o da\u00f1os del producto, se solicitar\u00e1 evidencia mediante fotograf\u00eda o video enviado v\u00eda WhatsApp.<br \/>Una vez verificado el incidente, se proceder\u00e1 a enviar un producto nuevo o realizar la devoluci\u00f3n del dinero, seg\u00fan corresponda.<\/p><p><b>7. Recomendaci\u00f3n al Recibir el Pedido<\/b><\/p><p>Para mayor seguridad, recomendamos a nuestros clientes grabar un video o tomar fotograf\u00edas al momento de recibir su pedido, especialmente antes de abrirlo. Esto facilita la gesti\u00f3n en caso de inconsistencias.<\/p><p><b>8. Costos de Env\u00edo por Motivos Ajenos a la Empresa<\/b><\/p><p>Si el cambio o devoluci\u00f3n se solicita por razones ajenas a nuestras pol\u00edticas (cambios de opini\u00f3n, errores de selecci\u00f3n del cliente u otros), el costo del env\u00edo ser\u00e1 asumido por el cliente.<\/p>\t\t\t\t\t\t\t\t<\/div>\n\t\t\t\t\t<\/div>\n\t\t\t\t<\/div>\n\t\t\t\t<\/div>","protected":false},"excerpt":{"rendered":"<p>Pol\u00edticas de Env\u00edos y Devoluciones En nuestra empresa trabajamos para ofrecer una experiencia de compra segura, satisfactoria y transparente. Para ello, ponemos a disposici\u00f3n de nuestros clientes las siguientes pol\u00edticas de env\u00edos, cambios y devoluciones: 1. Plazo de Devoluciones Las solicitudes de devoluci\u00f3n pueden realizarse dentro de un plazo m\u00e1ximo de 10 d\u00edas h\u00e1biles a [&hellip;]<\/p>\n","protected":false},"author":2,"featured_media":0,"parent":0,"menu_order":0,"comment_status":"closed","ping_status":"closed","template":"","meta":{"footnotes":""},"class_list":["post-1539","page","type-page","status-publish","hentry"],"blocksy_meta":[],"_links":{"self":[{"href":"https:\/\/casabellezachile.cl\/zh\/wp-json\/wp\/v2\/pages\/1539","targetHints":{"allow":["GET"]}}],"collection":[{"href":"https:\/\/casabellezachile.cl\/zh\/wp-json\/wp\/v2\/pages"}],"about":[{"href":"https:\/\/casabellezachile.cl\/zh\/wp-json\/wp\/v2\/types\/page"}],"author":[{"embeddable":true,"href":"https:\/\/casabellezachile.cl\/zh\/wp-json\/wp\/v2\/users\/2"}],"replies":[{"embeddable":true,"href":"https:\/\/casabellezachile.cl\/zh\/wp-json\/wp\/v2\/comments?post=1539"}],"version-history":[{"count":0,"href":"https:\/\/casabellezachile.cl\/zh\/wp-json\/wp\/v2\/pages\/1539\/revisions"}],"wp:attachment":[{"href":"https:\/\/casabellezachile.cl\/zh\/wp-json\/wp\/v2\/media?parent=1539"}],"curies":[{"name":"wp","href":"https:\/\/api.w.org\/{rel}","templated":true}]}}